{"id":284,"date":"2021-03-04T18:49:34","date_gmt":"2021-03-04T21:49:34","guid":{"rendered":"http:\/\/192.168.15.6\/comex\/?page_id=284"},"modified":"2021-04-22T19:04:33","modified_gmt":"2021-04-22T22:04:33","slug":"trabalhe-conosco","status":"publish","type":"page","link":"https:\/\/comexonline.com.br\/es\/trabalhe-conosco\/","title":{"rendered":"Trabaja con nosotros"},"content":{"rendered":"<p class=\"qtranxs-available-languages-message qtranxs-available-languages-message-es\">Disculpa, pero esta entrada est\u00e1 disponible s\u00f3lo en <a href=\"https:\/\/comexonline.com.br\/pb\/wp-json\/wp\/v2\/pages\/284\" class=\"qtranxs-available-language-link qtranxs-available-language-link-pb\" title=\"Portugu\u00eas do Brasil\">Portugu\u00eas do Brasil<\/a>.<\/p>","protected":false},"excerpt":{"rendered":"<p>Disculpa, pero esta entrada est\u00e1 disponible s\u00f3lo en Portugu\u00eas do Brasil.<\/p>\n","protected":false},"author":1,"featured_media":286,"parent":0,"menu_order":9,"comment_status":"closed","ping_status":"closed","template":"trabalhe-conosco.php","meta":{"_acf_changed":false,"footnotes":""},"class_list":["post-284","page","type-page","status-publish","has-post-thumbnail","hentry"],"acf":[],"yoast_head":"<!-- This site is optimized with the Yoast SEO plugin v26.2 - https:\/\/yoast.com\/wordpress\/plugins\/seo\/ -->\n<title>Trabaja con nosotros - Comex<\/title>\n<meta name=\"robots\" content=\"index, follow, max-snippet:-1, max-image-preview:large, max-video-preview:-1\" \/>\n<link rel=\"canonical\" href=\"https:\/\/comexonline.com.br\/trabalhe-conosco\/\" \/>\n<meta property=\"og:locale\" content=\"es_ES\" \/>\n<meta property=\"og:type\" content=\"article\" \/>\n<meta property=\"og:title\" content=\"Trabaja con nosotros - Comex\" \/>\n<meta property=\"og:description\" content=\"Disculpa, pero esta entrada est\u00e1 disponible s\u00f3lo en Portugu\u00eas do Brasil.\" \/>\n<meta property=\"og:url\" content=\"https:\/\/comexonline.com.br\/trabalhe-conosco\/\" \/>\n<meta property=\"og:site_name\" content=\"Comex\" \/>\n<meta property=\"article:modified_time\" content=\"2021-04-22T22:04:33+00:00\" \/>\n<meta property=\"og:image\" content=\"https:\/\/comexonline.com.br\/wp-content\/uploads\/2021\/03\/banner-trabalhe-conosco.jpg\" \/>\n\t<meta property=\"og:image:width\" content=\"1170\" \/>\n\t<meta property=\"og:image:height\" content=\"235\" \/>\n\t<meta property=\"og:image:type\" content=\"image\/jpeg\" \/>\n<meta name=\"twitter:card\" content=\"summary_large_image\" \/>\n<script type=\"application\/ld+json\" class=\"yoast-schema-graph\">{\"@context\":\"https:\/\/schema.org\",\"@graph\":[{\"@type\":\"WebPage\",\"@id\":\"https:\/\/comexonline.com.br\/trabalhe-conosco\/\",\"url\":\"https:\/\/comexonline.com.br\/trabalhe-conosco\/\",\"name\":\"Trabaja con nosotros - Comex\",\"isPartOf\":{\"@id\":\"https:\/\/comexonline.com.br\/#website\"},\"primaryImageOfPage\":{\"@id\":\"https:\/\/comexonline.com.br\/trabalhe-conosco\/#primaryimage\"},\"image\":{\"@id\":\"https:\/\/comexonline.com.br\/trabalhe-conosco\/#primaryimage\"},\"thumbnailUrl\":\"https:\/\/comexonline.com.br\/wp-content\/uploads\/2021\/03\/banner-trabalhe-conosco.jpg\",\"datePublished\":\"2021-03-04T21:49:34+00:00\",\"dateModified\":\"2021-04-22T22:04:33+00:00\",\"breadcrumb\":{\"@id\":\"https:\/\/comexonline.com.br\/trabalhe-conosco\/#breadcrumb\"},\"inLanguage\":\"es\",\"potentialAction\":[{\"@type\":\"ReadAction\",\"target\":[\"https:\/\/comexonline.com.br\/trabalhe-conosco\/\"]}]},{\"@type\":\"ImageObject\",\"inLanguage\":\"es\",\"@id\":\"https:\/\/comexonline.com.br\/trabalhe-conosco\/#primaryimage\",\"url\":\"https:\/\/comexonline.com.br\/wp-content\/uploads\/2021\/03\/banner-trabalhe-conosco.jpg\",\"contentUrl\":\"https:\/\/comexonline.com.br\/wp-content\/uploads\/2021\/03\/banner-trabalhe-conosco.jpg\",\"width\":1170,\"height\":235},{\"@type\":\"BreadcrumbList\",\"@id\":\"https:\/\/comexonline.com.br\/trabalhe-conosco\/#breadcrumb\",\"itemListElement\":[{\"@type\":\"ListItem\",\"position\":1,\"name\":\"In\u00edcio\",\"item\":\"https:\/\/comexonline.com.br\/en\/\"},{\"@type\":\"ListItem\",\"position\":2,\"name\":\"Trabalhe conosco\"}]},{\"@type\":\"WebSite\",\"@id\":\"https:\/\/comexonline.com.br\/#website\",\"url\":\"https:\/\/comexonline.com.br\/\",\"name\":\"Comex\",\"description\":\"\",\"potentialAction\":[{\"@type\":\"SearchAction\",\"target\":{\"@type\":\"EntryPoint\",\"urlTemplate\":\"https:\/\/comexonline.com.br\/?s={search_term_string}\"},\"query-input\":{\"@type\":\"PropertyValueSpecification\",\"valueRequired\":true,\"valueName\":\"search_term_string\"}}],\"inLanguage\":\"es\"}]}<\/script>\n<!-- \/ Yoast SEO plugin. -->","yoast_head_json":{"title":"Trabaja con nosotros - Comex","robots":{"index":"index","follow":"follow","max-snippet":"max-snippet:-1","max-image-preview":"max-image-preview:large","max-video-preview":"max-video-preview:-1"},"canonical":"https:\/\/comexonline.com.br\/trabalhe-conosco\/","og_locale":"es_ES","og_type":"article","og_title":"Trabaja con nosotros - Comex","og_description":"Disculpa, pero esta entrada est\u00e1 disponible s\u00f3lo en Portugu\u00eas do Brasil.","og_url":"https:\/\/comexonline.com.br\/trabalhe-conosco\/","og_site_name":"Comex","article_modified_time":"2021-04-22T22:04:33+00:00","og_image":[{"width":1170,"height":235,"url":"https:\/\/comexonline.com.br\/wp-content\/uploads\/2021\/03\/banner-trabalhe-conosco.jpg","type":"image\/jpeg"}],"twitter_card":"summary_large_image","schema":{"@context":"https:\/\/schema.org","@graph":[{"@type":"WebPage","@id":"https:\/\/comexonline.com.br\/trabalhe-conosco\/","url":"https:\/\/comexonline.com.br\/trabalhe-conosco\/","name":"Trabaja con nosotros - Comex","isPartOf":{"@id":"https:\/\/comexonline.com.br\/#website"},"primaryImageOfPage":{"@id":"https:\/\/comexonline.com.br\/trabalhe-conosco\/#primaryimage"},"image":{"@id":"https:\/\/comexonline.com.br\/trabalhe-conosco\/#primaryimage"},"thumbnailUrl":"https:\/\/comexonline.com.br\/wp-content\/uploads\/2021\/03\/banner-trabalhe-conosco.jpg","datePublished":"2021-03-04T21:49:34+00:00","dateModified":"2021-04-22T22:04:33+00:00","breadcrumb":{"@id":"https:\/\/comexonline.com.br\/trabalhe-conosco\/#breadcrumb"},"inLanguage":"es","potentialAction":[{"@type":"ReadAction","target":["https:\/\/comexonline.com.br\/trabalhe-conosco\/"]}]},{"@type":"ImageObject","inLanguage":"es","@id":"https:\/\/comexonline.com.br\/trabalhe-conosco\/#primaryimage","url":"https:\/\/comexonline.com.br\/wp-content\/uploads\/2021\/03\/banner-trabalhe-conosco.jpg","contentUrl":"https:\/\/comexonline.com.br\/wp-content\/uploads\/2021\/03\/banner-trabalhe-conosco.jpg","width":1170,"height":235},{"@type":"BreadcrumbList","@id":"https:\/\/comexonline.com.br\/trabalhe-conosco\/#breadcrumb","itemListElement":[{"@type":"ListItem","position":1,"name":"In\u00edcio","item":"https:\/\/comexonline.com.br\/en\/"},{"@type":"ListItem","position":2,"name":"Trabalhe conosco"}]},{"@type":"WebSite","@id":"https:\/\/comexonline.com.br\/#website","url":"https:\/\/comexonline.com.br\/","name":"Comex","description":"","potentialAction":[{"@type":"SearchAction","target":{"@type":"EntryPoint","urlTemplate":"https:\/\/comexonline.com.br\/?s={search_term_string}"},"query-input":{"@type":"PropertyValueSpecification","valueRequired":true,"valueName":"search_term_string"}}],"inLanguage":"es"}]}},"_links":{"self":[{"href":"https:\/\/comexonline.com.br\/es\/wp-json\/wp\/v2\/pages\/284","targetHints":{"allow":["GET"]}}],"collection":[{"href":"https:\/\/comexonline.com.br\/es\/wp-json\/wp\/v2\/pages"}],"about":[{"href":"https:\/\/comexonline.com.br\/es\/wp-json\/wp\/v2\/types\/page"}],"author":[{"embeddable":true,"href":"https:\/\/comexonline.com.br\/es\/wp-json\/wp\/v2\/users\/1"}],"replies":[{"embeddable":true,"href":"https:\/\/comexonline.com.br\/es\/wp-json\/wp\/v2\/comments?post=284"}],"version-history":[{"count":1,"href":"https:\/\/comexonline.com.br\/es\/wp-json\/wp\/v2\/pages\/284\/revisions"}],"predecessor-version":[{"id":288,"href":"https:\/\/comexonline.com.br\/es\/wp-json\/wp\/v2\/pages\/284\/revisions\/288"}],"wp:featuredmedia":[{"embeddable":true,"href":"https:\/\/comexonline.com.br\/es\/wp-json\/wp\/v2\/media\/286"}],"wp:attachment":[{"href":"https:\/\/comexonline.com.br\/es\/wp-json\/wp\/v2\/media?parent=284"}],"curies":[{"name":"wp","href":"https:\/\/api.w.org\/{rel}","templated":true}]}}