{"id":164,"date":"2021-03-02T09:42:10","date_gmt":"2021-03-02T12:42:10","guid":{"rendered":"http:\/\/192.168.15.6\/comex\/?page_id=164"},"modified":"2021-04-22T23:20:58","modified_gmt":"2021-04-23T02:20:58","slug":"cursos-e-treinamentos","status":"publish","type":"page","link":"https:\/\/comexonline.com.br\/es\/cursos-e-treinamentos\/","title":{"rendered":"Cursos y Entrenamientos"},"content":{"rendered":"<p><strong>Cursos presenciales, in-company y a distancia<\/strong>. Coordinado por el <strong>profesor Marco Antonio da Silva<\/strong>,<br \/>\n<strong>Comex Online Group<\/strong> cuenta con un equipo de profesores que trabajan en universidades de renombre y<br \/>\nprofesionales del mercado que son un referente en sus \u00e1reas de actividad, por lo que ofrece formaci\u00f3n y<br \/>\ncursos de importaci\u00f3n, exportaci\u00f3n y cambio de divisas.<\/p>\n<p>Adem\u00e1s, el <strong>Grupo Comex Online<\/strong> puede ayudar en la reestructuraci\u00f3n del \u00e1rea de comercio exterior.<br \/>\nde su empresa, optimizando resultados y ayudando a su empresa a convertirse<br \/>\nmantenerse competitivo a nivel mundial.<\/p>\n<p><strong>Concierte una cita y solicite una cotizaci\u00f3n.<\/strong><\/p>","protected":false},"excerpt":{"rendered":"<p>Cursos presenciales, in-company y a distancia. Coordinado por el profesor Marco Antonio da Silva, Comex Online Group cuenta con un equipo de profesores que trabajan en universidades de renombre y profesionales del mercado que son un referente en sus \u00e1reas de actividad, por lo que ofrece formaci\u00f3n y cursos de importaci\u00f3n, exportaci\u00f3n y cambio de [&hellip;]<\/p>\n","protected":false},"author":1,"featured_media":167,"parent":0,"menu_order":4,"comment_status":"closed","ping_status":"closed","template":"cursos.php","meta":{"_acf_changed":false,"footnotes":""},"class_list":["post-164","page","type-page","status-publish","has-post-thumbnail","hentry"],"acf":[],"yoast_head":"<!-- This site is optimized with the Yoast SEO plugin v26.2 - https:\/\/yoast.com\/wordpress\/plugins\/seo\/ -->\n<title>Cursos y Entrenamientos - Comex<\/title>\n<meta name=\"robots\" content=\"index, follow, max-snippet:-1, max-image-preview:large, max-video-preview:-1\" \/>\n<link rel=\"canonical\" href=\"https:\/\/comexonline.com.br\/cursos-e-treinamentos\/\" \/>\n<meta property=\"og:locale\" content=\"es_ES\" \/>\n<meta property=\"og:type\" content=\"article\" \/>\n<meta property=\"og:title\" content=\"Cursos y Entrenamientos - Comex\" \/>\n<meta property=\"og:description\" content=\"Cursos presenciales, in-company y a distancia. Coordinado por el profesor Marco Antonio da Silva, Comex Online Group cuenta con un equipo de profesores que trabajan en universidades de renombre y profesionales del mercado que son un referente en sus \u00e1reas de actividad, por lo que ofrece formaci\u00f3n y cursos de importaci\u00f3n, exportaci\u00f3n y cambio de [&hellip;]\" \/>\n<meta property=\"og:url\" content=\"https:\/\/comexonline.com.br\/cursos-e-treinamentos\/\" \/>\n<meta property=\"og:site_name\" content=\"Comex\" \/>\n<meta property=\"article:modified_time\" content=\"2021-04-23T02:20:58+00:00\" \/>\n<meta property=\"og:image\" content=\"https:\/\/comexonline.com.br\/wp-content\/uploads\/2021\/03\/banner-cursos.jpg\" \/>\n\t<meta property=\"og:image:width\" content=\"1170\" \/>\n\t<meta property=\"og:image:height\" content=\"235\" \/>\n\t<meta property=\"og:image:type\" content=\"image\/jpeg\" \/>\n<meta name=\"twitter:card\" content=\"summary_large_image\" \/>\n<meta name=\"twitter:label1\" content=\"Tiempo de lectura\" \/>\n\t<meta name=\"twitter:data1\" content=\"1 minuto\" \/>\n<script type=\"application\/ld+json\" class=\"yoast-schema-graph\">{\"@context\":\"https:\/\/schema.org\",\"@graph\":[{\"@type\":\"WebPage\",\"@id\":\"https:\/\/comexonline.com.br\/cursos-e-treinamentos\/\",\"url\":\"https:\/\/comexonline.com.br\/cursos-e-treinamentos\/\",\"name\":\"Cursos y Entrenamientos - Comex\",\"isPartOf\":{\"@id\":\"https:\/\/comexonline.com.br\/#website\"},\"primaryImageOfPage\":{\"@id\":\"https:\/\/comexonline.com.br\/cursos-e-treinamentos\/#primaryimage\"},\"image\":{\"@id\":\"https:\/\/comexonline.com.br\/cursos-e-treinamentos\/#primaryimage\"},\"thumbnailUrl\":\"https:\/\/comexonline.com.br\/wp-content\/uploads\/2021\/03\/banner-cursos.jpg\",\"datePublished\":\"2021-03-02T12:42:10+00:00\",\"dateModified\":\"2021-04-23T02:20:58+00:00\",\"breadcrumb\":{\"@id\":\"https:\/\/comexonline.com.br\/cursos-e-treinamentos\/#breadcrumb\"},\"inLanguage\":\"es\",\"potentialAction\":[{\"@type\":\"ReadAction\",\"target\":[\"https:\/\/comexonline.com.br\/cursos-e-treinamentos\/\"]}]},{\"@type\":\"ImageObject\",\"inLanguage\":\"es\",\"@id\":\"https:\/\/comexonline.com.br\/cursos-e-treinamentos\/#primaryimage\",\"url\":\"https:\/\/comexonline.com.br\/wp-content\/uploads\/2021\/03\/banner-cursos.jpg\",\"contentUrl\":\"https:\/\/comexonline.com.br\/wp-content\/uploads\/2021\/03\/banner-cursos.jpg\",\"width\":1170,\"height\":235},{\"@type\":\"BreadcrumbList\",\"@id\":\"https:\/\/comexonline.com.br\/cursos-e-treinamentos\/#breadcrumb\",\"itemListElement\":[{\"@type\":\"ListItem\",\"position\":1,\"name\":\"In\u00edcio\",\"item\":\"https:\/\/comexonline.com.br\/en\/\"},{\"@type\":\"ListItem\",\"position\":2,\"name\":\"Cursos e Treinamentos\"}]},{\"@type\":\"WebSite\",\"@id\":\"https:\/\/comexonline.com.br\/#website\",\"url\":\"https:\/\/comexonline.com.br\/\",\"name\":\"Comex\",\"description\":\"\",\"potentialAction\":[{\"@type\":\"SearchAction\",\"target\":{\"@type\":\"EntryPoint\",\"urlTemplate\":\"https:\/\/comexonline.com.br\/?s={search_term_string}\"},\"query-input\":{\"@type\":\"PropertyValueSpecification\",\"valueRequired\":true,\"valueName\":\"search_term_string\"}}],\"inLanguage\":\"es\"}]}<\/script>\n<!-- \/ Yoast SEO plugin. -->","yoast_head_json":{"title":"Cursos y Entrenamientos - Comex","robots":{"index":"index","follow":"follow","max-snippet":"max-snippet:-1","max-image-preview":"max-image-preview:large","max-video-preview":"max-video-preview:-1"},"canonical":"https:\/\/comexonline.com.br\/cursos-e-treinamentos\/","og_locale":"es_ES","og_type":"article","og_title":"Cursos y Entrenamientos - Comex","og_description":"Cursos presenciales, in-company y a distancia. Coordinado por el profesor Marco Antonio da Silva, Comex Online Group cuenta con un equipo de profesores que trabajan en universidades de renombre y profesionales del mercado que son un referente en sus \u00e1reas de actividad, por lo que ofrece formaci\u00f3n y cursos de importaci\u00f3n, exportaci\u00f3n y cambio de [&hellip;]","og_url":"https:\/\/comexonline.com.br\/cursos-e-treinamentos\/","og_site_name":"Comex","article_modified_time":"2021-04-23T02:20:58+00:00","og_image":[{"width":1170,"height":235,"url":"https:\/\/comexonline.com.br\/wp-content\/uploads\/2021\/03\/banner-cursos.jpg","type":"image\/jpeg"}],"twitter_card":"summary_large_image","twitter_misc":{"Tiempo de lectura":"1 minuto"},"schema":{"@context":"https:\/\/schema.org","@graph":[{"@type":"WebPage","@id":"https:\/\/comexonline.com.br\/cursos-e-treinamentos\/","url":"https:\/\/comexonline.com.br\/cursos-e-treinamentos\/","name":"Cursos y Entrenamientos - Comex","isPartOf":{"@id":"https:\/\/comexonline.com.br\/#website"},"primaryImageOfPage":{"@id":"https:\/\/comexonline.com.br\/cursos-e-treinamentos\/#primaryimage"},"image":{"@id":"https:\/\/comexonline.com.br\/cursos-e-treinamentos\/#primaryimage"},"thumbnailUrl":"https:\/\/comexonline.com.br\/wp-content\/uploads\/2021\/03\/banner-cursos.jpg","datePublished":"2021-03-02T12:42:10+00:00","dateModified":"2021-04-23T02:20:58+00:00","breadcrumb":{"@id":"https:\/\/comexonline.com.br\/cursos-e-treinamentos\/#breadcrumb"},"inLanguage":"es","potentialAction":[{"@type":"ReadAction","target":["https:\/\/comexonline.com.br\/cursos-e-treinamentos\/"]}]},{"@type":"ImageObject","inLanguage":"es","@id":"https:\/\/comexonline.com.br\/cursos-e-treinamentos\/#primaryimage","url":"https:\/\/comexonline.com.br\/wp-content\/uploads\/2021\/03\/banner-cursos.jpg","contentUrl":"https:\/\/comexonline.com.br\/wp-content\/uploads\/2021\/03\/banner-cursos.jpg","width":1170,"height":235},{"@type":"BreadcrumbList","@id":"https:\/\/comexonline.com.br\/cursos-e-treinamentos\/#breadcrumb","itemListElement":[{"@type":"ListItem","position":1,"name":"In\u00edcio","item":"https:\/\/comexonline.com.br\/en\/"},{"@type":"ListItem","position":2,"name":"Cursos e Treinamentos"}]},{"@type":"WebSite","@id":"https:\/\/comexonline.com.br\/#website","url":"https:\/\/comexonline.com.br\/","name":"Comex","description":"","potentialAction":[{"@type":"SearchAction","target":{"@type":"EntryPoint","urlTemplate":"https:\/\/comexonline.com.br\/?s={search_term_string}"},"query-input":{"@type":"PropertyValueSpecification","valueRequired":true,"valueName":"search_term_string"}}],"inLanguage":"es"}]}},"_links":{"self":[{"href":"https:\/\/comexonline.com.br\/es\/wp-json\/wp\/v2\/pages\/164","targetHints":{"allow":["GET"]}}],"collection":[{"href":"https:\/\/comexonline.com.br\/es\/wp-json\/wp\/v2\/pages"}],"about":[{"href":"https:\/\/comexonline.com.br\/es\/wp-json\/wp\/v2\/types\/page"}],"author":[{"embeddable":true,"href":"https:\/\/comexonline.com.br\/es\/wp-json\/wp\/v2\/users\/1"}],"replies":[{"embeddable":true,"href":"https:\/\/comexonline.com.br\/es\/wp-json\/wp\/v2\/comments?post=164"}],"version-history":[{"count":2,"href":"https:\/\/comexonline.com.br\/es\/wp-json\/wp\/v2\/pages\/164\/revisions"}],"predecessor-version":[{"id":402,"href":"https:\/\/comexonline.com.br\/es\/wp-json\/wp\/v2\/pages\/164\/revisions\/402"}],"wp:featuredmedia":[{"embeddable":true,"href":"https:\/\/comexonline.com.br\/es\/wp-json\/wp\/v2\/media\/167"}],"wp:attachment":[{"href":"https:\/\/comexonline.com.br\/es\/wp-json\/wp\/v2\/media?parent=164"}],"curies":[{"name":"wp","href":"https:\/\/api.w.org\/{rel}","templated":true}]}}