{"id":156,"date":"2021-03-01T18:36:54","date_gmt":"2021-03-01T21:36:54","guid":{"rendered":"http:\/\/192.168.15.6\/comex\/?page_id=156"},"modified":"2021-04-22T21:11:37","modified_gmt":"2021-04-23T00:11:37","slug":"servicos","status":"publish","type":"page","link":"https:\/\/comexonline.com.br\/es\/servicos\/","title":{"rendered":"Servicios"},"content":{"rendered":"<p><\/p>\n<h2>SOLUCIONES EN COMERCIO EXTERIOR<br \/>\nY GESTI\u00d3N TRIBUTARIA PARA SU EMPRESA<\/h2>\n<p>Como especialista en asesor\u00eda en comercio exterior y en gesti\u00f3n tributaria, el Grupo Comex Online est\u00e1<br \/>\npreparado para ofrecer despacho aduanero, flete internacional, entrenamiento y cursos y realizar la gesti\u00f3n tributaria en la medida correcta y de acuerdo con las necesidades de su empresa.<\/p>\n<p>Un equipo especializado y con experiencia tributaria y en los tr\u00e1mites aduaneros en sectores como textil, farmac\u00e9utico, partes y piezas automotrices, bienes de capital, qu\u00edmicos, entre otros garantiza la agilidad que<br \/>\nsu empresa necesita realizando procesos con confianza, credibilidad y resultados por medio de<br \/>\nla gesti\u00f3n de todas las empresas las etapas del proceso de importaci\u00f3n y de exportaci\u00f3n.<\/p>\n<h3>La flexibilidad, los resultados, la confianza y el compromiso<br \/>\nforman la base de nuestro trabajo.<\/h3>\n<p><\/p>","protected":false},"excerpt":{"rendered":"<p>SOLUCIONES EN COMERCIO EXTERIOR Y GESTI\u00d3N TRIBUTARIA PARA SU EMPRESA Como especialista en asesor\u00eda en comercio exterior y en gesti\u00f3n tributaria, el Grupo Comex Online est\u00e1 preparado para ofrecer despacho aduanero, flete internacional, entrenamiento y cursos y realizar la gesti\u00f3n tributaria en la medida correcta y de acuerdo con las necesidades de su empresa. Un [&hellip;]<\/p>\n","protected":false},"author":1,"featured_media":160,"parent":0,"menu_order":3,"comment_status":"closed","ping_status":"closed","template":"servicos.php","meta":{"_acf_changed":false,"footnotes":""},"class_list":["post-156","page","type-page","status-publish","has-post-thumbnail","hentry"],"acf":[],"yoast_head":"<!-- This site is optimized with the Yoast SEO plugin v26.2 - https:\/\/yoast.com\/wordpress\/plugins\/seo\/ -->\n<title>Servicios - Comex<\/title>\n<meta name=\"robots\" content=\"index, follow, max-snippet:-1, max-image-preview:large, max-video-preview:-1\" \/>\n<link rel=\"canonical\" href=\"https:\/\/comexonline.com.br\/servicos\/\" \/>\n<meta property=\"og:locale\" content=\"es_ES\" \/>\n<meta property=\"og:type\" content=\"article\" \/>\n<meta property=\"og:title\" content=\"Servicios - Comex\" \/>\n<meta property=\"og:description\" content=\"SOLUCIONES EN COMERCIO EXTERIOR Y GESTI\u00d3N TRIBUTARIA PARA SU EMPRESA Como especialista en asesor\u00eda en comercio exterior y en gesti\u00f3n tributaria, el Grupo Comex Online est\u00e1 preparado para ofrecer despacho aduanero, flete internacional, entrenamiento y cursos y realizar la gesti\u00f3n tributaria en la medida correcta y de acuerdo con las necesidades de su empresa. Un [&hellip;]\" \/>\n<meta property=\"og:url\" content=\"https:\/\/comexonline.com.br\/servicos\/\" \/>\n<meta property=\"og:site_name\" content=\"Comex\" \/>\n<meta property=\"article:modified_time\" content=\"2021-04-23T00:11:37+00:00\" \/>\n<meta property=\"og:image\" content=\"https:\/\/comexonline.com.br\/wp-content\/uploads\/2021\/03\/banner-servicos.jpg\" \/>\n\t<meta property=\"og:image:width\" content=\"1170\" \/>\n\t<meta property=\"og:image:height\" content=\"235\" \/>\n\t<meta property=\"og:image:type\" content=\"image\/jpeg\" \/>\n<meta name=\"twitter:card\" content=\"summary_large_image\" \/>\n<meta name=\"twitter:label1\" content=\"Tiempo de lectura\" \/>\n\t<meta name=\"twitter:data1\" content=\"2 minutos\" \/>\n<script type=\"application\/ld+json\" class=\"yoast-schema-graph\">{\"@context\":\"https:\/\/schema.org\",\"@graph\":[{\"@type\":\"WebPage\",\"@id\":\"https:\/\/comexonline.com.br\/servicos\/\",\"url\":\"https:\/\/comexonline.com.br\/servicos\/\",\"name\":\"Servicios - Comex\",\"isPartOf\":{\"@id\":\"https:\/\/comexonline.com.br\/#website\"},\"primaryImageOfPage\":{\"@id\":\"https:\/\/comexonline.com.br\/servicos\/#primaryimage\"},\"image\":{\"@id\":\"https:\/\/comexonline.com.br\/servicos\/#primaryimage\"},\"thumbnailUrl\":\"https:\/\/comexonline.com.br\/wp-content\/uploads\/2021\/03\/banner-servicos.jpg\",\"datePublished\":\"2021-03-01T21:36:54+00:00\",\"dateModified\":\"2021-04-23T00:11:37+00:00\",\"breadcrumb\":{\"@id\":\"https:\/\/comexonline.com.br\/servicos\/#breadcrumb\"},\"inLanguage\":\"es\",\"potentialAction\":[{\"@type\":\"ReadAction\",\"target\":[\"https:\/\/comexonline.com.br\/servicos\/\"]}]},{\"@type\":\"ImageObject\",\"inLanguage\":\"es\",\"@id\":\"https:\/\/comexonline.com.br\/servicos\/#primaryimage\",\"url\":\"https:\/\/comexonline.com.br\/wp-content\/uploads\/2021\/03\/banner-servicos.jpg\",\"contentUrl\":\"https:\/\/comexonline.com.br\/wp-content\/uploads\/2021\/03\/banner-servicos.jpg\",\"width\":1170,\"height\":235},{\"@type\":\"BreadcrumbList\",\"@id\":\"https:\/\/comexonline.com.br\/servicos\/#breadcrumb\",\"itemListElement\":[{\"@type\":\"ListItem\",\"position\":1,\"name\":\"In\u00edcio\",\"item\":\"https:\/\/comexonline.com.br\/en\/\"},{\"@type\":\"ListItem\",\"position\":2,\"name\":\"Servi\u00e7os\"}]},{\"@type\":\"WebSite\",\"@id\":\"https:\/\/comexonline.com.br\/#website\",\"url\":\"https:\/\/comexonline.com.br\/\",\"name\":\"Comex\",\"description\":\"\",\"potentialAction\":[{\"@type\":\"SearchAction\",\"target\":{\"@type\":\"EntryPoint\",\"urlTemplate\":\"https:\/\/comexonline.com.br\/?s={search_term_string}\"},\"query-input\":{\"@type\":\"PropertyValueSpecification\",\"valueRequired\":true,\"valueName\":\"search_term_string\"}}],\"inLanguage\":\"es\"}]}<\/script>\n<!-- \/ Yoast SEO plugin. -->","yoast_head_json":{"title":"Servicios - Comex","robots":{"index":"index","follow":"follow","max-snippet":"max-snippet:-1","max-image-preview":"max-image-preview:large","max-video-preview":"max-video-preview:-1"},"canonical":"https:\/\/comexonline.com.br\/servicos\/","og_locale":"es_ES","og_type":"article","og_title":"Servicios - Comex","og_description":"SOLUCIONES EN COMERCIO EXTERIOR Y GESTI\u00d3N TRIBUTARIA PARA SU EMPRESA Como especialista en asesor\u00eda en comercio exterior y en gesti\u00f3n tributaria, el Grupo Comex Online est\u00e1 preparado para ofrecer despacho aduanero, flete internacional, entrenamiento y cursos y realizar la gesti\u00f3n tributaria en la medida correcta y de acuerdo con las necesidades de su empresa. Un [&hellip;]","og_url":"https:\/\/comexonline.com.br\/servicos\/","og_site_name":"Comex","article_modified_time":"2021-04-23T00:11:37+00:00","og_image":[{"width":1170,"height":235,"url":"https:\/\/comexonline.com.br\/wp-content\/uploads\/2021\/03\/banner-servicos.jpg","type":"image\/jpeg"}],"twitter_card":"summary_large_image","twitter_misc":{"Tiempo de lectura":"2 minutos"},"schema":{"@context":"https:\/\/schema.org","@graph":[{"@type":"WebPage","@id":"https:\/\/comexonline.com.br\/servicos\/","url":"https:\/\/comexonline.com.br\/servicos\/","name":"Servicios - Comex","isPartOf":{"@id":"https:\/\/comexonline.com.br\/#website"},"primaryImageOfPage":{"@id":"https:\/\/comexonline.com.br\/servicos\/#primaryimage"},"image":{"@id":"https:\/\/comexonline.com.br\/servicos\/#primaryimage"},"thumbnailUrl":"https:\/\/comexonline.com.br\/wp-content\/uploads\/2021\/03\/banner-servicos.jpg","datePublished":"2021-03-01T21:36:54+00:00","dateModified":"2021-04-23T00:11:37+00:00","breadcrumb":{"@id":"https:\/\/comexonline.com.br\/servicos\/#breadcrumb"},"inLanguage":"es","potentialAction":[{"@type":"ReadAction","target":["https:\/\/comexonline.com.br\/servicos\/"]}]},{"@type":"ImageObject","inLanguage":"es","@id":"https:\/\/comexonline.com.br\/servicos\/#primaryimage","url":"https:\/\/comexonline.com.br\/wp-content\/uploads\/2021\/03\/banner-servicos.jpg","contentUrl":"https:\/\/comexonline.com.br\/wp-content\/uploads\/2021\/03\/banner-servicos.jpg","width":1170,"height":235},{"@type":"BreadcrumbList","@id":"https:\/\/comexonline.com.br\/servicos\/#breadcrumb","itemListElement":[{"@type":"ListItem","position":1,"name":"In\u00edcio","item":"https:\/\/comexonline.com.br\/en\/"},{"@type":"ListItem","position":2,"name":"Servi\u00e7os"}]},{"@type":"WebSite","@id":"https:\/\/comexonline.com.br\/#website","url":"https:\/\/comexonline.com.br\/","name":"Comex","description":"","potentialAction":[{"@type":"SearchAction","target":{"@type":"EntryPoint","urlTemplate":"https:\/\/comexonline.com.br\/?s={search_term_string}"},"query-input":{"@type":"PropertyValueSpecification","valueRequired":true,"valueName":"search_term_string"}}],"inLanguage":"es"}]}},"_links":{"self":[{"href":"https:\/\/comexonline.com.br\/es\/wp-json\/wp\/v2\/pages\/156","targetHints":{"allow":["GET"]}}],"collection":[{"href":"https:\/\/comexonline.com.br\/es\/wp-json\/wp\/v2\/pages"}],"about":[{"href":"https:\/\/comexonline.com.br\/es\/wp-json\/wp\/v2\/types\/page"}],"author":[{"embeddable":true,"href":"https:\/\/comexonline.com.br\/es\/wp-json\/wp\/v2\/users\/1"}],"replies":[{"embeddable":true,"href":"https:\/\/comexonline.com.br\/es\/wp-json\/wp\/v2\/comments?post=156"}],"version-history":[{"count":5,"href":"https:\/\/comexonline.com.br\/es\/wp-json\/wp\/v2\/pages\/156\/revisions"}],"predecessor-version":[{"id":382,"href":"https:\/\/comexonline.com.br\/es\/wp-json\/wp\/v2\/pages\/156\/revisions\/382"}],"wp:featuredmedia":[{"embeddable":true,"href":"https:\/\/comexonline.com.br\/es\/wp-json\/wp\/v2\/media\/160"}],"wp:attachment":[{"href":"https:\/\/comexonline.com.br\/es\/wp-json\/wp\/v2\/media?parent=156"}],"curies":[{"name":"wp","href":"https:\/\/api.w.org\/{rel}","templated":true}]}}